{"id":159,"date":"2021-01-07T00:27:00","date_gmt":"2021-01-06T23:27:00","guid":{"rendered":"https:\/\/diefalkenbamberg.wordpress.com\/?page_id=159"},"modified":"2026-01-05T23:45:55","modified_gmt":"2026-01-05T23:45:55","slug":"vorstand","status":"publish","type":"page","link":"https:\/\/falken-bamberg.de\/index.php\/about\/vorstand\/","title":{"rendered":"Vorstand"},"content":{"rendered":"\n<p>Unser Vorstand vertritt die Falken nach au\u00dfen und f\u00fchrt die laufenden Gesch\u00e4fte.<\/p>\n\n\n\n<p>Er besteht aus Ronja (1. Vorsitzende), Hendrik (2. Vorsitzender), Anna (3. Vorsitzende) und Roman (Kassierer).<\/p>\n\n\n\n<p>Die Kasse wird regelm\u00e4\u00dfig von Martin und Paul gepr\u00fcft.<\/p>\n\n\n\n<p><\/p>\n","protected":false},"excerpt":{"rendered":"<p>Unser Vorstand vertritt die Falken nach au\u00dfen und f\u00fchrt die laufenden Gesch\u00e4fte. Er besteht aus Ronja (1. Vorsitzende), Hendrik (2. Vorsitzender), Anna (3. Vorsitzende) und Roman (Kassierer). Die Kasse wird regelm\u00e4\u00dfig von Martin und Paul gepr\u00fcft.<\/p>\n","protected":false},"author":2,"featured_media":0,"parent":9,"menu_order":0,"comment_status":"closed","ping_status":"closed","template":"","meta":{"footnotes":""},"class_list":["post-159","page","type-page","status-publish","hentry"],"_links":{"self":[{"href":"https:\/\/falken-bamberg.de\/index.php\/wp-json\/wp\/v2\/pages\/159","targetHints":{"allow":["GET"]}}],"collection":[{"href":"https:\/\/falken-bamberg.de\/index.php\/wp-json\/wp\/v2\/pages"}],"about":[{"href":"https:\/\/falken-bamberg.de\/index.php\/wp-json\/wp\/v2\/types\/page"}],"author":[{"embeddable":true,"href":"https:\/\/falken-bamberg.de\/index.php\/wp-json\/wp\/v2\/users\/2"}],"replies":[{"embeddable":true,"href":"https:\/\/falken-bamberg.de\/index.php\/wp-json\/wp\/v2\/comments?post=159"}],"version-history":[{"count":2,"href":"https:\/\/falken-bamberg.de\/index.php\/wp-json\/wp\/v2\/pages\/159\/revisions"}],"predecessor-version":[{"id":568,"href":"https:\/\/falken-bamberg.de\/index.php\/wp-json\/wp\/v2\/pages\/159\/revisions\/568"}],"up":[{"embeddable":true,"href":"https:\/\/falken-bamberg.de\/index.php\/wp-json\/wp\/v2\/pages\/9"}],"wp:attachment":[{"href":"https:\/\/falken-bamberg.de\/index.php\/wp-json\/wp\/v2\/media?parent=159"}],"curies":[{"name":"wp","href":"https:\/\/api.w.org\/{rel}","templated":true}]}}