{"id":172,"date":"2021-01-07T00:46:22","date_gmt":"2021-01-06T23:46:22","guid":{"rendered":"https:\/\/diefalkenbamberg.wordpress.com\/?page_id=172"},"modified":"2026-01-06T00:06:18","modified_gmt":"2026-01-06T00:06:18","slug":"mitglied-werden","status":"publish","type":"page","link":"https:\/\/falken-bamberg.de\/index.php\/mitmachen\/mitglied-werden\/","title":{"rendered":"Mitglied werden!"},"content":{"rendered":"\n<p>Unsere Arbeit finanzieren wir vor allem aus unseren Mitgliedsbeitr\u00e4gen. Dazu F\u00f6rdermittel f\u00fcr die Kinder- und Jugendarbeit der \u00f6ffentlichen Hand, Projektmittel und Spenden. F\u00f6rder- und Projektmittel sind oft zeitlich befristet und werden je nach Haushaltslage und politischer Gro\u00dfwetterlage unterschiedlich bemessen. Spenden sind in der Regel einmalige Zuwendungen. Darum hat die Bundeskonferenz der Falken Mitgliedsbeitr\u00e4ge festgelegt. Wenn du unsere Arbeit unterst\u00fctzen willst, werde gerne Mitglied bei uns.<\/p>\n\n\n\n<p><strong>Mitgliedsbeitrag j\u00e4hrlich<\/strong>:<\/p>\n\n\n\n<div class=\"wp-block-group\"><div class=\"wp-block-group__inner-container is-layout-constrained wp-block-group-is-layout-constrained\">\n<ul class=\"wp-block-list\">\n<li>Kind bis 16 Jahre (Jahresbeitrag <strong>19<\/strong><strong>.- \u20ac plus Solimarke, <\/strong><strong>empfohlen: 1,50 \u20ac<\/strong><strong>)<\/strong><\/li>\n\n\n\n<li>Jugendliche, Azubis, Studierende, Bezieher*innen von Transferleistungen<br>(Jahresbeitrag <strong>49<\/strong><strong>.- \u20ac plus Solimarke, <\/strong><strong>empfohlen: <\/strong><strong>4<\/strong><strong>.- \u20ac<\/strong><strong>)<\/strong><\/li>\n\n\n\n<li>Teilverdiener*innen (Jahresbeitrag <strong>61<\/strong><strong>.- \u20ac plus Solimarke, <\/strong><strong>empfohlen: <\/strong><strong>5<\/strong><strong>.- \u20ac<\/strong><strong>)<\/strong><\/li>\n\n\n\n<li>Vollverdiener*innen (Jahresbeitrag <strong>121<\/strong><strong>.- \u20ac plus Solimarke, <\/strong><strong>empfohlen: 10.- \u20ac<\/strong><strong>)<\/strong><\/li>\n<\/ul>\n<\/div><\/div>\n\n\n\n<p>Mitglieder erhalten unter anderem Rabatte auf alle Ma\u00dfnahmen und Aktionen der Falken in Franken und Bamberg. Ebenfalls k\u00f6nnen nur Mitglieder Funktionen wie den Vorstand \u00fcbernehmen oder am Ende in finanziellen wie organisatorischen Angelegenheiten mitbestimmen Sollte es dir nicht m\u00f6glich sein, den vollen Mitgliedsbeitrag aufzubringen, wende dich vertrauensvoll an den*die Vorsitzende*n. Wir finden sicherlich eine L\u00f6sung.Wenn du Mitglied bei uns Falken werden m\u00f6chtest, kannst du dich online bei unserem Bundesverband anmelden oder noch einfacher: du schreibst uns \u00fcber unser <a href=\"https:\/\/zen-sammet.85-215-168-97.plesk.page\/index.php\/contact\/\" data-type=\"page\" data-id=\"8\">Kontaktformular<\/a>.<\/p>\n","protected":false},"excerpt":{"rendered":"<p>Unsere Arbeit finanzieren wir vor allem aus unseren Mitgliedsbeitr\u00e4gen. Dazu F\u00f6rdermittel f\u00fcr die Kinder- und Jugendarbeit der \u00f6ffentlichen Hand, Projektmittel und Spenden. F\u00f6rder- und Projektmittel sind oft zeitlich befristet und werden je nach Haushaltslage und politischer Gro\u00dfwetterlage unterschiedlich bemessen. Spenden sind in der Regel einmalige Zuwendungen. Darum hat die Bundeskonferenz der Falken Mitgliedsbeitr\u00e4ge festgelegt. Wenn [&hellip;]<\/p>\n","protected":false},"author":2,"featured_media":0,"parent":72,"menu_order":0,"comment_status":"closed","ping_status":"closed","template":"","meta":{"footnotes":""},"class_list":["post-172","page","type-page","status-publish","hentry"],"_links":{"self":[{"href":"https:\/\/falken-bamberg.de\/index.php\/wp-json\/wp\/v2\/pages\/172","targetHints":{"allow":["GET"]}}],"collection":[{"href":"https:\/\/falken-bamberg.de\/index.php\/wp-json\/wp\/v2\/pages"}],"about":[{"href":"https:\/\/falken-bamberg.de\/index.php\/wp-json\/wp\/v2\/types\/page"}],"author":[{"embeddable":true,"href":"https:\/\/falken-bamberg.de\/index.php\/wp-json\/wp\/v2\/users\/2"}],"replies":[{"embeddable":true,"href":"https:\/\/falken-bamberg.de\/index.php\/wp-json\/wp\/v2\/comments?post=172"}],"version-history":[{"count":3,"href":"https:\/\/falken-bamberg.de\/index.php\/wp-json\/wp\/v2\/pages\/172\/revisions"}],"predecessor-version":[{"id":586,"href":"https:\/\/falken-bamberg.de\/index.php\/wp-json\/wp\/v2\/pages\/172\/revisions\/586"}],"up":[{"embeddable":true,"href":"https:\/\/falken-bamberg.de\/index.php\/wp-json\/wp\/v2\/pages\/72"}],"wp:attachment":[{"href":"https:\/\/falken-bamberg.de\/index.php\/wp-json\/wp\/v2\/media?parent=172"}],"curies":[{"name":"wp","href":"https:\/\/api.w.org\/{rel}","templated":true}]}}