{"id":180,"date":"2021-01-07T01:13:56","date_gmt":"2021-01-07T00:13:56","guid":{"rendered":"https:\/\/diefalkenbamberg.wordpress.com\/?page_id=180"},"modified":"2025-09-06T14:33:40","modified_gmt":"2025-09-06T14:33:40","slug":"arbeitsringe","status":"publish","type":"page","link":"https:\/\/falken-bamberg.de\/index.php\/about\/arbeitsringe\/","title":{"rendered":"Arbeitsringe"},"content":{"rendered":"\n<p>Die SJD &#8211; Die Falken bestehen aus zwei Arbeitsringen, die sich nach Altersgruppen orientieren. Das hat zum einen einen historischen Grund, schlie\u00dflich wurden die Falken als Nachfolgerin der Reichsarbeitsgemeinschaft der Kinderfreunde und der Sozialistischen Arbeiter-Jugend gegr\u00fcndet. <\/p>\n\n\n\n<p>Der Falken-Ring (F-Ring) deckt die Gruppenarbeit von 6 bis 15 Jahren ab und war in der bis zum Ende der Weimarer Republik der Organisationsbereich der Reichsarbeitsgemeinschaft der Kinderfreunde. Hier wollen wir Kindern und Jugendlichen eine gute Zeit erm\u00f6glichen und diesen R\u00e4ume zu einer selbstorganisierten Freizeitgestaltung als Gruppe geben. Dazu geh\u00f6ren neben Gruppenstunden auch Zeltlager und Freizeiten.<\/p>\n\n\n\n<p>Die Gruppenarbeit f\u00fcr alle ab 15 Jahren findet im SJ-Bereich statt, in diesem bilden wir auch die Gruppenhelfer*innen f\u00fcr den F-Ring aus. Neben den Freir\u00e4umen zur selbstorganisierten Freizeitgestaltung tritt die Bildung selbstbewusster und m\u00fcndiger Menschen, die sich in der Gesellschaft und der Politik einbringen, hinzu. In der Weimarer Republik war dies der Organisationsbereich der Sozialistischen Arbeiter-Jugend.<\/p>\n\n\n\n<p>Dar\u00fcber hinaus bestehen auch spezielle Arbeitsgemeinschaften, die an inhaltlichen und organisatorischen Themen im Verband ring\u00fcbergreifend arbeiten.<\/p>\n","protected":false},"excerpt":{"rendered":"<p>Die SJD &#8211; Die Falken bestehen aus zwei Arbeitsringen, die sich nach Altersgruppen orientieren. Das hat zum einen einen historischen Grund, schlie\u00dflich wurden die Falken als Nachfolgerin der Reichsarbeitsgemeinschaft der Kinderfreunde und der Sozialistischen Arbeiter-Jugend gegr\u00fcndet. Der Falken-Ring (F-Ring) deckt die Gruppenarbeit von 6 bis 15 Jahren ab und war in der bis zum Ende [&hellip;]<\/p>\n","protected":false},"author":2,"featured_media":0,"parent":9,"menu_order":0,"comment_status":"closed","ping_status":"closed","template":"","meta":{"footnotes":""},"class_list":["post-180","page","type-page","status-publish","hentry"],"_links":{"self":[{"href":"https:\/\/falken-bamberg.de\/index.php\/wp-json\/wp\/v2\/pages\/180","targetHints":{"allow":["GET"]}}],"collection":[{"href":"https:\/\/falken-bamberg.de\/index.php\/wp-json\/wp\/v2\/pages"}],"about":[{"href":"https:\/\/falken-bamberg.de\/index.php\/wp-json\/wp\/v2\/types\/page"}],"author":[{"embeddable":true,"href":"https:\/\/falken-bamberg.de\/index.php\/wp-json\/wp\/v2\/users\/2"}],"replies":[{"embeddable":true,"href":"https:\/\/falken-bamberg.de\/index.php\/wp-json\/wp\/v2\/comments?post=180"}],"version-history":[{"count":1,"href":"https:\/\/falken-bamberg.de\/index.php\/wp-json\/wp\/v2\/pages\/180\/revisions"}],"predecessor-version":[{"id":524,"href":"https:\/\/falken-bamberg.de\/index.php\/wp-json\/wp\/v2\/pages\/180\/revisions\/524"}],"up":[{"embeddable":true,"href":"https:\/\/falken-bamberg.de\/index.php\/wp-json\/wp\/v2\/pages\/9"}],"wp:attachment":[{"href":"https:\/\/falken-bamberg.de\/index.php\/wp-json\/wp\/v2\/media?parent=180"}],"curies":[{"name":"wp","href":"https:\/\/api.w.org\/{rel}","templated":true}]}}