{"id":186,"date":"2021-01-07T01:18:59","date_gmt":"2021-01-07T00:18:59","guid":{"rendered":"https:\/\/diefalkenbamberg.wordpress.com\/?page_id=186"},"modified":"2025-09-06T14:34:05","modified_gmt":"2025-09-06T14:34:05","slug":"falkennest","status":"publish","type":"page","link":"https:\/\/falken-bamberg.de\/index.php\/about\/falkennest\/","title":{"rendered":"Falkennest"},"content":{"rendered":"\n<p>Unser Gruppenraum ist das Falkennest im kosmos ost in der Wei\u00dfenburgstra\u00dfe 10 in Bamberg. Diesen nutzen wir f\u00fcr unsere Aktivit\u00e4ten wie Gruppenstunden, Plenen, Vorstandssitzungen und Treffen. Dieser Raum ist im Sinne des Freiraumes zur Selbstorganisation auch ein Ort zum gemeinsamen Gestalten. <\/p>\n","protected":false},"excerpt":{"rendered":"<p>Unser Gruppenraum ist das Falkennest im kosmos ost in der Wei\u00dfenburgstra\u00dfe 10 in Bamberg. Diesen nutzen wir f\u00fcr unsere Aktivit\u00e4ten wie Gruppenstunden, Plenen, Vorstandssitzungen und Treffen. Dieser Raum ist im Sinne des Freiraumes zur Selbstorganisation auch ein Ort zum gemeinsamen Gestalten.<\/p>\n","protected":false},"author":2,"featured_media":0,"parent":9,"menu_order":0,"comment_status":"closed","ping_status":"closed","template":"","meta":{"footnotes":""},"class_list":["post-186","page","type-page","status-publish","hentry"],"_links":{"self":[{"href":"https:\/\/falken-bamberg.de\/index.php\/wp-json\/wp\/v2\/pages\/186","targetHints":{"allow":["GET"]}}],"collection":[{"href":"https:\/\/falken-bamberg.de\/index.php\/wp-json\/wp\/v2\/pages"}],"about":[{"href":"https:\/\/falken-bamberg.de\/index.php\/wp-json\/wp\/v2\/types\/page"}],"author":[{"embeddable":true,"href":"https:\/\/falken-bamberg.de\/index.php\/wp-json\/wp\/v2\/users\/2"}],"replies":[{"embeddable":true,"href":"https:\/\/falken-bamberg.de\/index.php\/wp-json\/wp\/v2\/comments?post=186"}],"version-history":[{"count":1,"href":"https:\/\/falken-bamberg.de\/index.php\/wp-json\/wp\/v2\/pages\/186\/revisions"}],"predecessor-version":[{"id":525,"href":"https:\/\/falken-bamberg.de\/index.php\/wp-json\/wp\/v2\/pages\/186\/revisions\/525"}],"up":[{"embeddable":true,"href":"https:\/\/falken-bamberg.de\/index.php\/wp-json\/wp\/v2\/pages\/9"}],"wp:attachment":[{"href":"https:\/\/falken-bamberg.de\/index.php\/wp-json\/wp\/v2\/media?parent=186"}],"curies":[{"name":"wp","href":"https:\/\/api.w.org\/{rel}","templated":true}]}}