{"id":194,"date":"2021-01-07T19:51:57","date_gmt":"2021-01-07T18:51:57","guid":{"rendered":"https:\/\/diefalkenbamberg.wordpress.com\/?page_id=194"},"modified":"2021-01-07T19:51:57","modified_gmt":"2021-01-07T18:51:57","slug":"wie-sind-wir-organisiert","status":"publish","type":"page","link":"https:\/\/falken-bamberg.de\/index.php\/wie-sind-wir-organisiert\/","title":{"rendered":"Wie sind wir organisiert?"},"content":{"rendered":"\n<p>Basis unserer Arbeit ist die Gruppe. Hier findet unser Verbandsleben haupts\u00e4chlich statt. Ob in Gruppenstunden, bei Aktionen, Freizeiten oder im Zeltlager. Begleitet werden die Kinder und Jugendlichen dabei insbesondere in den j\u00fcngeren Altersgruppen von unseren Helfer*innen. Diese sind hierbei nicht als Leiter*innen oder Vorgesetzte aktiv, sondern helfen bei der Selbstorganisation und gruppeninternen Prozessen. Die \u00e4lteren Gruppen organisieren sich selbst und wirken auch als Helfer*innen im Verband mit. Unsere Helfer*innen sind ehrenamtlich aktiv und werden bei uns intern aus- und fortgebildet.<\/p>\n\n\n\n<p>Dar\u00fcber hinaus arbeiten die speziellen Arbeitsgemeinschaften an verschiedenen inhaltlichen und organisatorischen Themen. Sei es f\u00fcr die Unterst\u00fctzung der Selbstverwaltung unserer R\u00e4umlichkeiten und unseres Inventars, als Lesekreis, als Bildungszusammenhang (zum Beispiel zur Helfer*innenschulung), Konzertgruppe oder Arbeitskreis zur Kinder- und Jugendpolitik, Kinderrechte oder Antifaschismus.<\/p>\n\n\n\n<p>Weil unser Verband \u00e4hnlich wie ein Verein funktioniert, haben wir noch einen durch unsere Mitgliederversammlung gew\u00e4hlten Vorstand, der uns z.B. gegen\u00fcber den Jugendringen, der \u00d6ffentlichkeit oder der Politik vertritt. Auch verwaltet der Vorstand unsere Kasse, die vom Verband beschafften Gegenst\u00e4nde und verantwortet die Durchf\u00fchrung unserer im <a href=\"https:\/\/diefalkenbamberg.wordpress.com\/plenum\/\">Plenum<\/a> und der Mitgliederversammlung gefassten Beschl\u00fcsse. Unterst\u00fctzt wird der Vorstand von aktiven Mitgliedern des Verbandes.<\/p>\n\n\n\n<p>Im Plenum kommen die Aktiven des Kreisverbandes einmal im Monat zusammen. Hier besprechen wir neue Ideen und Aktivit\u00e4ten, besprechen organisatorisches und aktuelle Themen f\u00fcr den Kreisverband und sprechen dar\u00fcber, wer welche Aufgaben \u00fcbernimmt.<\/p>\n\n\n\n<p>Wenn du bei einer bestehenden Gruppe oder AG mit machen willst, melde dich direkt bei diesen oder bei unserer Kontaktadresse <a href=\"mailto:bamberg@falken-franken.de\">bamberg@falken-franken.de<\/a> <\/p>\n\n\n\n<p>Auf unserem <a href=\"https:\/\/diefalkenbamberg.wordpress.com\/plenum\/\">Plenum<\/a> kannst du dich auch mit deinen Ideen miteinbringen. Wir als Verband bilden bzw. stellen hierf\u00fcr gerne die Infrastruktur bereit.<\/p>\n","protected":false},"excerpt":{"rendered":"<p>Basis unserer Arbeit ist die Gruppe. Hier findet unser Verbandsleben haupts\u00e4chlich statt. Ob in Gruppenstunden, bei Aktionen, Freizeiten oder im Zeltlager. Begleitet werden die Kinder und Jugendlichen dabei insbesondere in den j\u00fcngeren Altersgruppen von unseren Helfer*innen. Diese sind hierbei nicht als Leiter*innen oder Vorgesetzte aktiv, sondern helfen bei der Selbstorganisation und gruppeninternen Prozessen. Die \u00e4lteren [&hellip;]<\/p>\n","protected":false},"author":2,"featured_media":0,"parent":0,"menu_order":0,"comment_status":"closed","ping_status":"closed","template":"","meta":{"footnotes":""},"class_list":["post-194","page","type-page","status-publish","hentry"],"_links":{"self":[{"href":"https:\/\/falken-bamberg.de\/index.php\/wp-json\/wp\/v2\/pages\/194","targetHints":{"allow":["GET"]}}],"collection":[{"href":"https:\/\/falken-bamberg.de\/index.php\/wp-json\/wp\/v2\/pages"}],"about":[{"href":"https:\/\/falken-bamberg.de\/index.php\/wp-json\/wp\/v2\/types\/page"}],"author":[{"embeddable":true,"href":"https:\/\/falken-bamberg.de\/index.php\/wp-json\/wp\/v2\/users\/2"}],"replies":[{"embeddable":true,"href":"https:\/\/falken-bamberg.de\/index.php\/wp-json\/wp\/v2\/comments?post=194"}],"version-history":[{"count":0,"href":"https:\/\/falken-bamberg.de\/index.php\/wp-json\/wp\/v2\/pages\/194\/revisions"}],"wp:attachment":[{"href":"https:\/\/falken-bamberg.de\/index.php\/wp-json\/wp\/v2\/media?parent=194"}],"curies":[{"name":"wp","href":"https:\/\/api.w.org\/{rel}","templated":true}]}}