{"id":478,"date":"2024-09-05T13:45:49","date_gmt":"2024-09-05T11:45:49","guid":{"rendered":"https:\/\/diefalkenbamberg.wordpress.com\/?page_id=478"},"modified":"2026-01-06T00:03:48","modified_gmt":"2026-01-06T00:03:48","slug":"f-ring","status":"publish","type":"page","link":"https:\/\/falken-bamberg.de\/index.php\/wie-sind-wir-organisiert\/f-ring\/","title":{"rendered":"F-Ring"},"content":{"rendered":"\n<p>Die Gruppe macht\u2019s! Das soll auch bei uns gelten, deswegen gr\u00fcnden wir eine F-Gruppe (6 bis 12 Jahre).<br>F\u00fcr euch bedeutet das, gemeinschaftlich eure Freizeit gestalten, Spa\u00df haben und nat\u00fcrlich auch zu politischen Themen arbeiten zu k\u00f6nnen.<br>Wir sind die sozialistische Jugend \u2013 Die Falken, ein unabh\u00e4ngiger politischer und p\u00e4dagogischer Kinder- und Jugendverband.<br>Falls ihr euch vorstellen k\u00f6nnt, ab Oktober auch dabei zu sein, schreibt uns gerne per Mail (bamberg[at]falken-franken.de) oder <a href=\"https:\/\/zen-sammet.85-215-168-97.plesk.page\/index.php\/contact\/\" data-type=\"page\" data-id=\"8\">hier eine Kontaktanfrage<\/a>. Gerne k\u00f6nnt ihr euch auch bei Fragen auf diesem Weg an uns wenden!<br>Freundschaft!<\/p>\n\n\n\n<p>Infos im \u00dcberblick:<br>Wann: ab 29.10.2024 um 17:30 Uhr, Gruppenstunde alle zwei Wochen<br>Wo: kosmos ost (Wei\u00dfenburgstr. 10 in Bamberg)<br>Wer: alle von 6 bis 12 Jahren<br>Kontakt: bamberg[at]falken-franken.de<\/p>\n","protected":false},"excerpt":{"rendered":"<p>Die Gruppe macht\u2019s! Das soll auch bei uns gelten, deswegen gr\u00fcnden wir eine F-Gruppe (6 bis 12 Jahre).F\u00fcr euch bedeutet das, gemeinschaftlich eure Freizeit gestalten, Spa\u00df haben und nat\u00fcrlich auch zu politischen Themen arbeiten zu k\u00f6nnen.Wir sind die sozialistische Jugend \u2013 Die Falken, ein unabh\u00e4ngiger politischer und p\u00e4dagogischer Kinder- und Jugendverband.Falls ihr euch vorstellen k\u00f6nnt, [&hellip;]<\/p>\n","protected":false},"author":2,"featured_media":0,"parent":194,"menu_order":0,"comment_status":"closed","ping_status":"closed","template":"","meta":{"footnotes":""},"class_list":["post-478","page","type-page","status-publish","hentry"],"_links":{"self":[{"href":"https:\/\/falken-bamberg.de\/index.php\/wp-json\/wp\/v2\/pages\/478","targetHints":{"allow":["GET"]}}],"collection":[{"href":"https:\/\/falken-bamberg.de\/index.php\/wp-json\/wp\/v2\/pages"}],"about":[{"href":"https:\/\/falken-bamberg.de\/index.php\/wp-json\/wp\/v2\/types\/page"}],"author":[{"embeddable":true,"href":"https:\/\/falken-bamberg.de\/index.php\/wp-json\/wp\/v2\/users\/2"}],"replies":[{"embeddable":true,"href":"https:\/\/falken-bamberg.de\/index.php\/wp-json\/wp\/v2\/comments?post=478"}],"version-history":[{"count":2,"href":"https:\/\/falken-bamberg.de\/index.php\/wp-json\/wp\/v2\/pages\/478\/revisions"}],"predecessor-version":[{"id":582,"href":"https:\/\/falken-bamberg.de\/index.php\/wp-json\/wp\/v2\/pages\/478\/revisions\/582"}],"up":[{"embeddable":true,"href":"https:\/\/falken-bamberg.de\/index.php\/wp-json\/wp\/v2\/pages\/194"}],"wp:attachment":[{"href":"https:\/\/falken-bamberg.de\/index.php\/wp-json\/wp\/v2\/media?parent=478"}],"curies":[{"name":"wp","href":"https:\/\/api.w.org\/{rel}","templated":true}]}}