{"id":72,"date":"2020-06-21T21:24:07","date_gmt":"2020-06-21T19:24:07","guid":{"rendered":"https:\/\/diefalkenbamberg.wordpress.com\/?page_id=72"},"modified":"2020-06-21T21:24:07","modified_gmt":"2020-06-21T19:24:07","slug":"mitmachen","status":"publish","type":"page","link":"https:\/\/falken-bamberg.de\/index.php\/mitmachen\/","title":{"rendered":"Mitmachen!"},"content":{"rendered":"\n<p>Du hast Interesse an Jugendarbeit, Kinder- und Jugendpolitik? Du h\u00e4lst linke Politik, Bildungsarbeit und Empowerment mit Kindern und Jugendlichen f\u00fcr wichtig? Du m\u00f6chtest dich in einem Verband einbringen, diskutieren, an Positionen mitarbeiten, dich bilden oder auch einfach eine gute Zeit haben? Dann komm zu uns! Bei uns kannst du auch einfach unverbindlich an unseren Veranstaltungen und Aktionen teilnehmen oder an Projekten mitwirken.<\/p>\n\n\n\n<p><strong>Unser Plenum ist immer am 1. Sonntag im Monat.<\/strong><\/p>\n\n\n\n<p><\/p>\n","protected":false},"excerpt":{"rendered":"<p>Du hast Interesse an Jugendarbeit, Kinder- und Jugendpolitik? Du h\u00e4lst linke Politik, Bildungsarbeit und Empowerment mit Kindern und Jugendlichen f\u00fcr wichtig? Du m\u00f6chtest dich in einem Verband einbringen, diskutieren, an Positionen mitarbeiten, dich bilden oder auch einfach eine gute Zeit haben? Dann komm zu uns! Bei uns kannst du auch einfach unverbindlich an unseren Veranstaltungen [&hellip;]<\/p>\n","protected":false},"author":2,"featured_media":0,"parent":0,"menu_order":0,"comment_status":"closed","ping_status":"closed","template":"","meta":{"footnotes":""},"class_list":["post-72","page","type-page","status-publish","hentry"],"_links":{"self":[{"href":"https:\/\/falken-bamberg.de\/index.php\/wp-json\/wp\/v2\/pages\/72","targetHints":{"allow":["GET"]}}],"collection":[{"href":"https:\/\/falken-bamberg.de\/index.php\/wp-json\/wp\/v2\/pages"}],"about":[{"href":"https:\/\/falken-bamberg.de\/index.php\/wp-json\/wp\/v2\/types\/page"}],"author":[{"embeddable":true,"href":"https:\/\/falken-bamberg.de\/index.php\/wp-json\/wp\/v2\/users\/2"}],"replies":[{"embeddable":true,"href":"https:\/\/falken-bamberg.de\/index.php\/wp-json\/wp\/v2\/comments?post=72"}],"version-history":[{"count":0,"href":"https:\/\/falken-bamberg.de\/index.php\/wp-json\/wp\/v2\/pages\/72\/revisions"}],"wp:attachment":[{"href":"https:\/\/falken-bamberg.de\/index.php\/wp-json\/wp\/v2\/media?parent=72"}],"curies":[{"name":"wp","href":"https:\/\/api.w.org\/{rel}","templated":true}]}}