{"id":9,"date":"2020-05-06T19:01:36","date_gmt":"2020-05-06T17:01:36","guid":{"rendered":"https:\/\/diefalkenbamberg.wordpress.com\/?page_id=9"},"modified":"2026-02-18T16:06:03","modified_gmt":"2026-02-18T15:06:03","slug":"about","status":"publish","type":"page","link":"https:\/\/falken-bamberg.de\/index.php\/about\/","title":{"rendered":"Wer sind wir?"},"content":{"rendered":"\n<p>Wir sind der lokale Kreisverband der Sozialistischen Jugend Deutschlands &#8211; Die Falken in Bamberg. Als unabh\u00e4ngiger, selbstorganisierter Kinder- und Jugendverband sind wir Mitglied im Stadtjugendring Bamberg. Auf dieser Seite wollen wir euch zeigen, was wir so machen und was wir wollen.<\/p>\n\n\n\n<p><strong>Selbstverst\u00e4ndnis<\/strong><\/p>\n\n\n\n<p>Die Sozialistische Jugend Deutschlands &#8211; Die Falken ist ein unabh\u00e4ngiger und selbstorganisierter politischer und p\u00e4dagogischer Kinder- und Jugendverband, unser Zeichen ist der rote Falke, unser Gru\u00df ist &#8222;Freundschaft!&#8220;.<\/p>\n\n\n\n<p>Unser Verband ist Teil der Arbeiter*innenjugendbewegung und aus der Selbstorganisation junger Arbeiterinnen und Arbeiter entstanden. Seit \u00fcber 100 Jahren vertreten bei uns Kinder und Jugendliche ihre Rechte und Interessen selbst und k\u00e4mpfen f\u00fcr eine andere Gesellschaft.<\/p>\n\n\n\n<p>Unser Ziel ist eine Gesellschaft, die auf Freiheit, Gleichheit und Solidarit\u00e4t gr\u00fcndet. Der Kapitalismus hingegen beruht auf der Ausbeutung des Menschen durch den Menschen. Deshalb k\u00e4mpfen wir als Teil der internationalen sozialistischen Bewegung gemeinsam mit unseren Partnerinnen und Partnern f\u00fcr eine andere, eine sozialistische Gesellschaft.<\/p>\n\n\n\n<p>(beschlossen auf der Bundeskonferenz 2011)<\/p>\n\n\n\n<p><strong>Wie die Falken zu ihrem Namen kamen<\/strong><\/p>\n\n\n\n<p>Anton Tesarek (1896-1977) kreierte 1925 den Namen \u201eRote Falken\u201c f\u00fcr die 12-14 j\u00e4hrigen Kinder in den Gruppen der \u00f6sterreichischen Kinderfreunde. Er hatte den Namen von den tschechischen Arbeitersportorganisation \u2018Sokol\u2019 (= Falke in mehreren slawischen Sprachen) \u00fcbernommen. Seine Erfindung fand bei den Kinder gro\u00dfen Widerhall. Schon kurze Zeit sp\u00e4ter gab es viele Kinergruppen, die sich \u2018Rote Falken\u2019 nannten. 1926 kam der Name nach Deutschland und verbreitete sich mit gleicher Geschwindigkeit. 1928 nannte die Sozialistische Arbeiterjugend (SAJ) ihre J\u00fcngeren-Gruppen (14-16 Jahre) auch \u201eRote Falken\u201c. Nach dem 2. Weltkrieg, als die sozialdemokratische Kinderorganisation und die Jugendorganisation als gemeinsamer Verband wieder begr\u00fcndet wurde, stand \u201eFalken\u201c zun\u00e4chst f\u00fcr die Kinderabteilung. Deshalb der damalige Verbandsname \u201eSozialistische Jugendbewegung &#8211; Die Falken\u201c. Heute hat sich der Begriff \u201eFalken\u201c auf die Gesamtorganisation generalisiert.<\/p>\n\n\n\n<p>(\u00fcbernommen aus Eppe, Heinrich: Kleines Falken ABC, <a href=\"https:\/\/www2.wir-falken.de\/uploads\/KleinesFalkenABC.pdf\">https:\/\/www2.wir-falken.de\/uploads\/KleinesFalkenABC.pdf<\/a>)<\/p>\n","protected":false},"excerpt":{"rendered":"<p>Wir sind der lokale Kreisverband der Sozialistischen Jugend Deutschlands &#8211; Die Falken in Bamberg. Als unabh\u00e4ngiger, selbstorganisierter Kinder- und Jugendverband sind wir Mitglied im Stadtjugendring Bamberg. Auf dieser Seite wollen wir euch zeigen, was wir so machen und was wir wollen. Selbstverst\u00e4ndnis Die Sozialistische Jugend Deutschlands &#8211; Die Falken ist ein unabh\u00e4ngiger und selbstorganisierter politischer [&hellip;]<\/p>\n","protected":false},"author":2,"featured_media":0,"parent":0,"menu_order":0,"comment_status":"closed","ping_status":"closed","template":"","meta":{"footnotes":""},"class_list":["post-9","page","type-page","status-publish","hentry"],"_links":{"self":[{"href":"https:\/\/falken-bamberg.de\/index.php\/wp-json\/wp\/v2\/pages\/9","targetHints":{"allow":["GET"]}}],"collection":[{"href":"https:\/\/falken-bamberg.de\/index.php\/wp-json\/wp\/v2\/pages"}],"about":[{"href":"https:\/\/falken-bamberg.de\/index.php\/wp-json\/wp\/v2\/types\/page"}],"author":[{"embeddable":true,"href":"https:\/\/falken-bamberg.de\/index.php\/wp-json\/wp\/v2\/users\/2"}],"replies":[{"embeddable":true,"href":"https:\/\/falken-bamberg.de\/index.php\/wp-json\/wp\/v2\/comments?post=9"}],"version-history":[{"count":2,"href":"https:\/\/falken-bamberg.de\/index.php\/wp-json\/wp\/v2\/pages\/9\/revisions"}],"predecessor-version":[{"id":632,"href":"https:\/\/falken-bamberg.de\/index.php\/wp-json\/wp\/v2\/pages\/9\/revisions\/632"}],"wp:attachment":[{"href":"https:\/\/falken-bamberg.de\/index.php\/wp-json\/wp\/v2\/media?parent=9"}],"curies":[{"name":"wp","href":"https:\/\/api.w.org\/{rel}","templated":true}]}}